{"id":145,"date":"2017-11-17T20:25:11","date_gmt":"2017-11-17T20:25:11","guid":{"rendered":"http:\/\/techenerg.dominiotemporario.com\/?page_id=145"},"modified":"2020-09-13T13:16:23","modified_gmt":"2020-09-13T13:16:23","slug":"produtos","status":"publish","type":"page","link":"http:\/\/techenerg.com\/?page_id=145","title":{"rendered":"Produtos"},"content":{"rendered":"<p>Consultoria e projetos voltados para Sistemas de Controle e Gera\u00e7\u00e3o de Energia El\u00e9trica, levantando as necessidades do cliente e propondo as melhores solu\u00e7\u00f5es para a sua empresa.<\/p>\n<p><img loading=\"lazy\" class=\"wp-image-155 size-full aligncenter\" src=\"http:\/\/editwork.com.br\/techenerg\/wp-content\/uploads\/2017\/08\/TechEnerg_Produto02.jpg\" alt=\"\" width=\"914\" height=\"374\" \/><\/p>\n<p>Projetamos e montamos pain\u00e9is com equipamentos dedicados \u00e0 aplica\u00e7\u00e3o de cada cliente, visando melhorias no controle de turbinas a vapor, grupos motogeradores, turbogeradores, etc.<\/p>\n\n\t\t<style type=\"text\/css\">\n\t\t\t#gallery-1 {\n\t\t\t\tmargin: auto;\n\t\t\t}\n\t\t\t#gallery-1 .gallery-item {\n\t\t\t\tfloat: left;\n\t\t\t\tmargin-top: 10px;\n\t\t\t\ttext-align: center;\n\t\t\t\twidth: 33%;\n\t\t\t}\n\t\t\t#gallery-1 img {\n\t\t\t\tborder: 2px solid #cfcfcf;\n\t\t\t}\n\t\t\t#gallery-1 .gallery-caption {\n\t\t\t\tmargin-left: 0;\n\t\t\t}\n\t\t\t\/* see gallery_shortcode() in wp-includes\/media.php *\/\n\t\t<\/style>\n\t\t<div id='gallery-1' class='gallery galleryid-145 gallery-columns-3 gallery-size-large'><dl class='gallery-item'>\n\t\t\t<dt class='gallery-icon landscape'>\n\t\t\t\t<img width=\"600\" height=\"600\" src=\"http:\/\/techenerg.com\/wp-content\/uploads\/2019\/10\/tecenerg_imagem03-1024x1024.jpg\" class=\"attachment-large size-large\" alt=\"\" loading=\"lazy\" srcset=\"http:\/\/techenerg.com\/wp-content\/uploads\/2019\/10\/tecenerg_imagem03-1024x1024.jpg 1024w, http:\/\/techenerg.com\/wp-content\/uploads\/2019\/10\/tecenerg_imagem03-150x150.jpg 150w, http:\/\/techenerg.com\/wp-content\/uploads\/2019\/10\/tecenerg_imagem03-300x300.jpg 300w, http:\/\/techenerg.com\/wp-content\/uploads\/2019\/10\/tecenerg_imagem03-768x768.jpg 768w, http:\/\/techenerg.com\/wp-content\/uploads\/2019\/10\/tecenerg_imagem03.jpg 1200w\" sizes=\"(max-width: 600px) 100vw, 600px\" \/>\n\t\t\t<\/dt><\/dl><dl class='gallery-item'>\n\t\t\t<dt class='gallery-icon landscape'>\n\t\t\t\t<img width=\"600\" height=\"600\" src=\"http:\/\/techenerg.com\/wp-content\/uploads\/2019\/10\/tecenerg_imagem02-1024x1024.jpg\" class=\"attachment-large size-large\" alt=\"\" loading=\"lazy\" srcset=\"http:\/\/techenerg.com\/wp-content\/uploads\/2019\/10\/tecenerg_imagem02-1024x1024.jpg 1024w, http:\/\/techenerg.com\/wp-content\/uploads\/2019\/10\/tecenerg_imagem02-150x150.jpg 150w, http:\/\/techenerg.com\/wp-content\/uploads\/2019\/10\/tecenerg_imagem02-300x300.jpg 300w, http:\/\/techenerg.com\/wp-content\/uploads\/2019\/10\/tecenerg_imagem02-768x768.jpg 768w, http:\/\/techenerg.com\/wp-content\/uploads\/2019\/10\/tecenerg_imagem02.jpg 1200w\" sizes=\"(max-width: 600px) 100vw, 600px\" \/>\n\t\t\t<\/dt><\/dl><dl class='gallery-item'>\n\t\t\t<dt class='gallery-icon landscape'>\n\t\t\t\t<img width=\"600\" height=\"600\" src=\"http:\/\/techenerg.com\/wp-content\/uploads\/2019\/10\/5-1024x1024.jpg\" class=\"attachment-large size-large\" alt=\"\" loading=\"lazy\" srcset=\"http:\/\/techenerg.com\/wp-content\/uploads\/2019\/10\/5-1024x1024.jpg 1024w, http:\/\/techenerg.com\/wp-content\/uploads\/2019\/10\/5-150x150.jpg 150w, http:\/\/techenerg.com\/wp-content\/uploads\/2019\/10\/5-300x300.jpg 300w, http:\/\/techenerg.com\/wp-content\/uploads\/2019\/10\/5-768x768.jpg 768w, http:\/\/techenerg.com\/wp-content\/uploads\/2019\/10\/5.jpg 1200w\" sizes=\"(max-width: 600px) 100vw, 600px\" \/>\n\t\t\t<\/dt><\/dl><br style=\"clear: both\" \/><dl class='gallery-item'>\n\t\t\t<dt class='gallery-icon landscape'>\n\t\t\t\t<img width=\"600\" height=\"600\" src=\"http:\/\/techenerg.com\/wp-content\/uploads\/2019\/10\/6-1024x1024.jpg\" class=\"attachment-large size-large\" alt=\"\" loading=\"lazy\" srcset=\"http:\/\/techenerg.com\/wp-content\/uploads\/2019\/10\/6-1024x1024.jpg 1024w, http:\/\/techenerg.com\/wp-content\/uploads\/2019\/10\/6-150x150.jpg 150w, http:\/\/techenerg.com\/wp-content\/uploads\/2019\/10\/6-300x300.jpg 300w, http:\/\/techenerg.com\/wp-content\/uploads\/2019\/10\/6-768x768.jpg 768w, http:\/\/techenerg.com\/wp-content\/uploads\/2019\/10\/6.jpg 1200w\" sizes=\"(max-width: 600px) 100vw, 600px\" \/>\n\t\t\t<\/dt><\/dl><dl class='gallery-item'>\n\t\t\t<dt class='gallery-icon landscape'>\n\t\t\t\t<img width=\"600\" height=\"600\" src=\"http:\/\/techenerg.com\/wp-content\/uploads\/2019\/10\/tecenerg_imagem01-1024x1024.jpg\" class=\"attachment-large size-large\" alt=\"\" loading=\"lazy\" srcset=\"http:\/\/techenerg.com\/wp-content\/uploads\/2019\/10\/tecenerg_imagem01-1024x1024.jpg 1024w, http:\/\/techenerg.com\/wp-content\/uploads\/2019\/10\/tecenerg_imagem01-150x150.jpg 150w, http:\/\/techenerg.com\/wp-content\/uploads\/2019\/10\/tecenerg_imagem01-300x300.jpg 300w, http:\/\/techenerg.com\/wp-content\/uploads\/2019\/10\/tecenerg_imagem01-768x768.jpg 768w, http:\/\/techenerg.com\/wp-content\/uploads\/2019\/10\/tecenerg_imagem01.jpg 1200w\" sizes=\"(max-width: 600px) 100vw, 600px\" \/>\n\t\t\t<\/dt><\/dl><dl class='gallery-item'>\n\t\t\t<dt class='gallery-icon landscape'>\n\t\t\t\t<img width=\"600\" height=\"600\" src=\"http:\/\/techenerg.com\/wp-content\/uploads\/2019\/10\/8-1024x1024.jpg\" class=\"attachment-large size-large\" alt=\"\" loading=\"lazy\" srcset=\"http:\/\/techenerg.com\/wp-content\/uploads\/2019\/10\/8-1024x1024.jpg 1024w, http:\/\/techenerg.com\/wp-content\/uploads\/2019\/10\/8-150x150.jpg 150w, http:\/\/techenerg.com\/wp-content\/uploads\/2019\/10\/8-300x300.jpg 300w, http:\/\/techenerg.com\/wp-content\/uploads\/2019\/10\/8-768x768.jpg 768w, http:\/\/techenerg.com\/wp-content\/uploads\/2019\/10\/8.jpg 1200w\" sizes=\"(max-width: 600px) 100vw, 600px\" \/>\n\t\t\t<\/dt><\/dl><br style=\"clear: both\" \/><dl class='gallery-item'>\n\t\t\t<dt class='gallery-icon landscape'>\n\t\t\t\t<img width=\"600\" height=\"600\" src=\"http:\/\/techenerg.com\/wp-content\/uploads\/2019\/10\/7-1024x1024.jpg\" class=\"attachment-large size-large\" alt=\"\" loading=\"lazy\" srcset=\"http:\/\/techenerg.com\/wp-content\/uploads\/2019\/10\/7-1024x1024.jpg 1024w, http:\/\/techenerg.com\/wp-content\/uploads\/2019\/10\/7-150x150.jpg 150w, http:\/\/techenerg.com\/wp-content\/uploads\/2019\/10\/7-300x300.jpg 300w, http:\/\/techenerg.com\/wp-content\/uploads\/2019\/10\/7-768x768.jpg 768w, http:\/\/techenerg.com\/wp-content\/uploads\/2019\/10\/7.jpg 1200w\" sizes=\"(max-width: 600px) 100vw, 600px\" \/>\n\t\t\t<\/dt><\/dl><dl class='gallery-item'>\n\t\t\t<dt class='gallery-icon landscape'>\n\t\t\t\t<img width=\"600\" height=\"600\" src=\"http:\/\/techenerg.com\/wp-content\/uploads\/2019\/10\/4-1024x1024.jpg\" class=\"attachment-large size-large\" alt=\"\" loading=\"lazy\" srcset=\"http:\/\/techenerg.com\/wp-content\/uploads\/2019\/10\/4-1024x1024.jpg 1024w, http:\/\/techenerg.com\/wp-content\/uploads\/2019\/10\/4-150x150.jpg 150w, http:\/\/techenerg.com\/wp-content\/uploads\/2019\/10\/4-300x300.jpg 300w, http:\/\/techenerg.com\/wp-content\/uploads\/2019\/10\/4-768x768.jpg 768w, http:\/\/techenerg.com\/wp-content\/uploads\/2019\/10\/4.jpg 1200w\" sizes=\"(max-width: 600px) 100vw, 600px\" \/>\n\t\t\t<\/dt><\/dl><dl class='gallery-item'>\n\t\t\t<dt class='gallery-icon landscape'>\n\t\t\t\t<img width=\"600\" height=\"600\" src=\"http:\/\/techenerg.com\/wp-content\/uploads\/2019\/10\/3-1024x1024.jpg\" class=\"attachment-large size-large\" alt=\"\" loading=\"lazy\" srcset=\"http:\/\/techenerg.com\/wp-content\/uploads\/2019\/10\/3-1024x1024.jpg 1024w, http:\/\/techenerg.com\/wp-content\/uploads\/2019\/10\/3-150x150.jpg 150w, http:\/\/techenerg.com\/wp-content\/uploads\/2019\/10\/3-300x300.jpg 300w, http:\/\/techenerg.com\/wp-content\/uploads\/2019\/10\/3-768x768.jpg 768w, http:\/\/techenerg.com\/wp-content\/uploads\/2019\/10\/3.jpg 1200w\" sizes=\"(max-width: 600px) 100vw, 600px\" \/>\n\t\t\t<\/dt><\/dl><br style=\"clear: both\" \/><dl class='gallery-item'>\n\t\t\t<dt class='gallery-icon landscape'>\n\t\t\t\t<img width=\"600\" height=\"600\" src=\"http:\/\/techenerg.com\/wp-content\/uploads\/2019\/10\/10-1024x1024.jpg\" class=\"attachment-large size-large\" alt=\"\" loading=\"lazy\" srcset=\"http:\/\/techenerg.com\/wp-content\/uploads\/2019\/10\/10-1024x1024.jpg 1024w, http:\/\/techenerg.com\/wp-content\/uploads\/2019\/10\/10-150x150.jpg 150w, http:\/\/techenerg.com\/wp-content\/uploads\/2019\/10\/10-300x300.jpg 300w, http:\/\/techenerg.com\/wp-content\/uploads\/2019\/10\/10-768x768.jpg 768w, http:\/\/techenerg.com\/wp-content\/uploads\/2019\/10\/10.jpg 1200w\" sizes=\"(max-width: 600px) 100vw, 600px\" \/>\n\t\t\t<\/dt><\/dl><dl class='gallery-item'>\n\t\t\t<dt class='gallery-icon landscape'>\n\t\t\t\t<img width=\"600\" height=\"600\" src=\"http:\/\/techenerg.com\/wp-content\/uploads\/2019\/10\/9-1024x1024.jpg\" class=\"attachment-large size-large\" alt=\"\" loading=\"lazy\" srcset=\"http:\/\/techenerg.com\/wp-content\/uploads\/2019\/10\/9-1024x1024.jpg 1024w, http:\/\/techenerg.com\/wp-content\/uploads\/2019\/10\/9-150x150.jpg 150w, http:\/\/techenerg.com\/wp-content\/uploads\/2019\/10\/9-300x300.jpg 300w, http:\/\/techenerg.com\/wp-content\/uploads\/2019\/10\/9-768x768.jpg 768w, http:\/\/techenerg.com\/wp-content\/uploads\/2019\/10\/9.jpg 1200w\" sizes=\"(max-width: 600px) 100vw, 600px\" \/>\n\t\t\t<\/dt><\/dl><dl class='gallery-item'>\n\t\t\t<dt class='gallery-icon landscape'>\n\t\t\t\t<img width=\"600\" height=\"600\" src=\"http:\/\/techenerg.com\/wp-content\/uploads\/2019\/10\/2-1024x1024.jpg\" class=\"attachment-large size-large\" alt=\"\" loading=\"lazy\" srcset=\"http:\/\/techenerg.com\/wp-content\/uploads\/2019\/10\/2-1024x1024.jpg 1024w, http:\/\/techenerg.com\/wp-content\/uploads\/2019\/10\/2-150x150.jpg 150w, http:\/\/techenerg.com\/wp-content\/uploads\/2019\/10\/2-300x300.jpg 300w, http:\/\/techenerg.com\/wp-content\/uploads\/2019\/10\/2-768x768.jpg 768w, http:\/\/techenerg.com\/wp-content\/uploads\/2019\/10\/2.jpg 1200w\" sizes=\"(max-width: 600px) 100vw, 600px\" \/>\n\t\t\t<\/dt><\/dl><br style=\"clear: both\" \/><dl class='gallery-item'>\n\t\t\t<dt class='gallery-icon landscape'>\n\t\t\t\t<img width=\"600\" height=\"600\" src=\"http:\/\/techenerg.com\/wp-content\/uploads\/2019\/10\/1-1024x1024.jpg\" class=\"attachment-large size-large\" alt=\"\" loading=\"lazy\" srcset=\"http:\/\/techenerg.com\/wp-content\/uploads\/2019\/10\/1-1024x1024.jpg 1024w, http:\/\/techenerg.com\/wp-content\/uploads\/2019\/10\/1-150x150.jpg 150w, http:\/\/techenerg.com\/wp-content\/uploads\/2019\/10\/1-300x300.jpg 300w, http:\/\/techenerg.com\/wp-content\/uploads\/2019\/10\/1-768x768.jpg 768w, http:\/\/techenerg.com\/wp-content\/uploads\/2019\/10\/1.jpg 1200w\" sizes=\"(max-width: 600px) 100vw, 600px\" \/>\n\t\t\t<\/dt><\/dl><dl class='gallery-item'>\n\t\t\t<dt class='gallery-icon landscape'>\n\t\t\t\t<img width=\"600\" height=\"600\" src=\"http:\/\/techenerg.com\/wp-content\/uploads\/2019\/10\/12-1024x1024.jpg\" class=\"attachment-large size-large\" alt=\"\" loading=\"lazy\" srcset=\"http:\/\/techenerg.com\/wp-content\/uploads\/2019\/10\/12-1024x1024.jpg 1024w, http:\/\/techenerg.com\/wp-content\/uploads\/2019\/10\/12-150x150.jpg 150w, http:\/\/techenerg.com\/wp-content\/uploads\/2019\/10\/12-300x300.jpg 300w, http:\/\/techenerg.com\/wp-content\/uploads\/2019\/10\/12-768x768.jpg 768w, http:\/\/techenerg.com\/wp-content\/uploads\/2019\/10\/12.jpg 1200w\" sizes=\"(max-width: 600px) 100vw, 600px\" \/>\n\t\t\t<\/dt><\/dl><dl class='gallery-item'>\n\t\t\t<dt class='gallery-icon landscape'>\n\t\t\t\t<img width=\"500\" height=\"375\" src=\"http:\/\/techenerg.com\/wp-content\/uploads\/2020\/09\/01.jpg\" class=\"attachment-large size-large\" alt=\"\" loading=\"lazy\" srcset=\"http:\/\/techenerg.com\/wp-content\/uploads\/2020\/09\/01.jpg 500w, http:\/\/techenerg.com\/wp-content\/uploads\/2020\/09\/01-300x225.jpg 300w\" sizes=\"(max-width: 500px) 100vw, 500px\" \/>\n\t\t\t<\/dt><\/dl><br style=\"clear: both\" \/><dl class='gallery-item'>\n\t\t\t<dt class='gallery-icon landscape'>\n\t\t\t\t<img width=\"500\" height=\"375\" src=\"http:\/\/techenerg.com\/wp-content\/uploads\/2020\/09\/02.jpg\" class=\"attachment-large size-large\" alt=\"\" loading=\"lazy\" srcset=\"http:\/\/techenerg.com\/wp-content\/uploads\/2020\/09\/02.jpg 500w, http:\/\/techenerg.com\/wp-content\/uploads\/2020\/09\/02-300x225.jpg 300w\" sizes=\"(max-width: 500px) 100vw, 500px\" \/>\n\t\t\t<\/dt><\/dl><dl class='gallery-item'>\n\t\t\t<dt class='gallery-icon landscape'>\n\t\t\t\t<img width=\"500\" height=\"375\" src=\"http:\/\/techenerg.com\/wp-content\/uploads\/2020\/09\/03.jpg\" class=\"attachment-large size-large\" alt=\"\" loading=\"lazy\" srcset=\"http:\/\/techenerg.com\/wp-content\/uploads\/2020\/09\/03.jpg 500w, http:\/\/techenerg.com\/wp-content\/uploads\/2020\/09\/03-300x225.jpg 300w\" sizes=\"(max-width: 500px) 100vw, 500px\" \/>\n\t\t\t<\/dt><\/dl><dl class='gallery-item'>\n\t\t\t<dt class='gallery-icon landscape'>\n\t\t\t\t<img width=\"500\" height=\"375\" src=\"http:\/\/techenerg.com\/wp-content\/uploads\/2020\/09\/04.jpg\" class=\"attachment-large size-large\" alt=\"\" loading=\"lazy\" srcset=\"http:\/\/techenerg.com\/wp-content\/uploads\/2020\/09\/04.jpg 500w, http:\/\/techenerg.com\/wp-content\/uploads\/2020\/09\/04-300x225.jpg 300w\" sizes=\"(max-width: 500px) 100vw, 500px\" \/>\n\t\t\t<\/dt><\/dl><br style=\"clear: both\" \/><dl class='gallery-item'>\n\t\t\t<dt class='gallery-icon landscape'>\n\t\t\t\t<img width=\"500\" height=\"375\" src=\"http:\/\/techenerg.com\/wp-content\/uploads\/2020\/09\/05.jpg\" class=\"attachment-large size-large\" alt=\"\" loading=\"lazy\" srcset=\"http:\/\/techenerg.com\/wp-content\/uploads\/2020\/09\/05.jpg 500w, http:\/\/techenerg.com\/wp-content\/uploads\/2020\/09\/05-300x225.jpg 300w\" sizes=\"(max-width: 500px) 100vw, 500px\" \/>\n\t\t\t<\/dt><\/dl>\n\t\t\t<br style='clear: both' \/>\n\t\t<\/div>\n\n<p><img loading=\"lazy\" class=\"wp-image-154 size-full aligncenter\" src=\"http:\/\/editwork.com.br\/techenerg\/wp-content\/uploads\/2017\/08\/TechEnerg_Produto01.jpg\" alt=\"\" width=\"914\" height=\"374\" \/><\/p>\n<p><img loading=\"lazy\" class=\"aligncenter wp-image-167 size-full\" src=\"http:\/\/editwork.com.br\/techenerg\/wp-content\/uploads\/2017\/08\/TechEnerg_Produto03-1.jpg\" alt=\"\" width=\"635\" height=\"235\" \/><\/p>\n","protected":false},"excerpt":{"rendered":"<p>Consultoria e projetos voltados para Sistemas de Controle e Gera\u00e7\u00e3o de Energia El\u00e9trica, levantando as necessidades do cliente e propondo as melhores solu\u00e7\u00f5es para a sua empresa. Projetamos e montamos pain\u00e9is com equipamentos dedicados \u00e0 aplica\u00e7\u00e3o de cada cliente, visando melhorias no controle de turbinas a vapor,<\/p>\n","protected":false},"author":1,"featured_media":0,"parent":0,"menu_order":0,"comment_status":"closed","ping_status":"closed","template":"","meta":[],"_links":{"self":[{"href":"http:\/\/techenerg.com\/index.php?rest_route=\/wp\/v2\/pages\/145"}],"collection":[{"href":"http:\/\/techenerg.com\/index.php?rest_route=\/wp\/v2\/pages"}],"about":[{"href":"http:\/\/techenerg.com\/index.php?rest_route=\/wp\/v2\/types\/page"}],"author":[{"embeddable":true,"href":"http:\/\/techenerg.com\/index.php?rest_route=\/wp\/v2\/users\/1"}],"replies":[{"embeddable":true,"href":"http:\/\/techenerg.com\/index.php?rest_route=%2Fwp%2Fv2%2Fcomments&post=145"}],"version-history":[{"count":10,"href":"http:\/\/techenerg.com\/index.php?rest_route=\/wp\/v2\/pages\/145\/revisions"}],"predecessor-version":[{"id":217,"href":"http:\/\/techenerg.com\/index.php?rest_route=\/wp\/v2\/pages\/145\/revisions\/217"}],"wp:attachment":[{"href":"http:\/\/techenerg.com\/index.php?rest_route=%2Fwp%2Fv2%2Fmedia&parent=145"}],"curies":[{"name":"wp","href":"https:\/\/api.w.org\/{rel}","templated":true}]}}